{"id":16,"date":"2022-02-16T18:13:34","date_gmt":"2022-02-16T15:13:34","guid":{"rendered":"http:\/\/crypto0888.ru\/?page_id=16"},"modified":"2025-04-02T14:54:48","modified_gmt":"2025-04-02T11:54:48","slug":"about","status":"publish","type":"page","link":"https:\/\/vilitan.es\/?page_id=16","title":{"rendered":"\u041a\u0430\u0442\u0430\u043b\u043e\u0433\u0438"},"content":{"rendered":"<div class=\"wp-block-image seek\">\n<figure class=\"aligncenter size-full\"><img loading=\"lazy\" decoding=\"async\" width=\"210\" height=\"177\" src=\"https:\/\/vilitan.es.xsph.ru\/wp-content\/uploads\/2022\/02\/cropped-logo_3a1f3ef06a3bb86f0ebde9cd2c365c53_1x.png\" alt=\"\" class=\"wp-image-54\"\/><\/figure>\n<\/div>\n\n<div class=\"wp-block-image logger\">\n<figure class=\"aligncenter size-full\"><img loading=\"lazy\" decoding=\"async\" width=\"538\" height=\"261\" src=\"https:\/\/vilitan.es\/wp-content\/uploads\/2022\/03\/cropped-\u041a\u041e\u0420\u041e\u0411\u041a\u0410-\u041f\u0420\u0418\u041c\u0415\u0420.png\" alt=\"\" class=\"wp-image-732\" srcset=\"https:\/\/vilitan.es\/wp-content\/uploads\/2022\/03\/cropped-\u041a\u041e\u0420\u041e\u0411\u041a\u0410-\u041f\u0420\u0418\u041c\u0415\u0420.png 538w, https:\/\/vilitan.es\/wp-content\/uploads\/2022\/03\/cropped-\u041a\u041e\u0420\u041e\u0411\u041a\u0410-\u041f\u0420\u0418\u041c\u0415\u0420-300x146.png 300w\" sizes=\"auto, (max-width: 538px) 100vw, 538px\" \/><\/figure>\n<\/div>\n\n\n<div class=\"wp-block-columns pluses is-layout-flex wp-container-core-columns-is-layout-9d6595d7 wp-block-columns-is-layout-flex\">\n<div class=\"wp-block-column plus1 is-layout-flow wp-block-column-is-layout-flow\">\n<p class=\"has-text-align-center coin has-text-color\" style=\"color:#add8e6;font-size:50px\"><strong><strong>Nuestros productos<\/strong><\/strong><\/p>\n\n\n\n<p class=\"has-white-color has-text-color\" style=\"font-size:18px\">Puede comprar todos los productos presentados en esta p\u00e1gina de nuestros socios y familiarizarse con ellos en esta p\u00e1gina. Nuestro cat\u00e1logo contiene una lista actualizada de productos fabricados por nuestra empresa tanto en Rusia como en pa\u00edses europeos. Todos los productos est\u00e1n certificados y disponen de certificados de prueba, que tambi\u00e9n puedes consultar en nuestra web.<\/p>\n<\/div>\n<\/div>\n\n\n<div class=\"_df_book df-lite\" id=\"df_1096\"  data-title=\"%d1%82%d1%8f%d0%b3%d0%b8\" _slug=\"%d1%82%d1%8f%d0%b3%d0%b8-2\" wpoptions=\"true\" thumbtype=\"bg\" ><p class=\"df-raw-loading\">Please wait while flipbook is loading. For more related info, FAQs and issues please refer to <a href=\"https:\/\/wordpress.org\/plugins\/3d-flipbook-dflip-lite\/#installation\">DearFlip WordPress Flipbook Plugin Help<\/a> documentation.<\/p><\/div><script class=\"df-shortcode-script\" type=\"application\/javascript\">window.option_df_1096 = {\"outline\":[],\"forceFit\":\"true\",\"autoEnableOutline\":\"false\",\"autoEnableThumbnail\":\"false\",\"overwritePDFOutline\":\"false\",\"direction\":\"1\",\"pageSize\":\"0\",\"source\":\"https:\\\/\\\/vilitan.es\\\/wp-content\\\/uploads\\\/2025\\\/03\\\/\\u043a\\u0430\\u0442\\u0430\\u043b\\u043e\\u0433-\\u0442\\u044f\\u0433\\u0438-\\u0440\\u0443\\u043b\\u0435\\u0432\\u044b\\u0435-vilitan-2025-1.pdf\",\"wpOptions\":\"true\"}; if(window.DFLIP && window.DFLIP.parseBooks){window.DFLIP.parseBooks();}<\/script>\n\n\n<div class=\"_df_book df-lite\" id=\"df_939\"  data-title=\"%d1%8d%d0%bb%d0%b5%d0%ba%d1%82%d1%80%d0%b8%d0%ba%d0%b0\" _slug=\"%d1%8d%d0%bb%d0%b5%d0%ba%d1%82%d1%80%d0%b8%d0%ba%d0%b0\" wpoptions=\"true\" thumbtype=\"bg\" ><p class=\"df-raw-loading\">Please wait while flipbook is loading. For more related info, FAQs and issues please refer to <a href=\"https:\/\/wordpress.org\/plugins\/3d-flipbook-dflip-lite\/#installation\">DearFlip WordPress Flipbook Plugin Help<\/a> documentation.<\/p><\/div><script class=\"df-shortcode-script\" type=\"application\/javascript\">window.option_df_939 = {\"outline\":[],\"forceFit\":\"true\",\"autoEnableOutline\":\"false\",\"autoEnableThumbnail\":\"false\",\"overwritePDFOutline\":\"false\",\"direction\":\"1\",\"pageSize\":\"0\",\"source\":\"https:\\\/\\\/vilitan.es\\\/wp-content\\\/uploads\\\/2022\\\/03\\\/\\u044d\\u043b\\u0435\\u043a\\u0442\\u0440\\u0438\\u043a\\u0430_\\u043f\\u0435\\u0447\\u0430\\u0442\\u044c.pdf\",\"wpOptions\":\"true\"}; if(window.DFLIP && window.DFLIP.parseBooks){window.DFLIP.parseBooks();}<\/script>\n\n\n<div class=\"_df_book df-lite\" id=\"df_1110\"  data-title=\"\" _slug=\"1110\" wpoptions=\"true\" thumbtype=\"bg\" ><p class=\"df-raw-loading\">Please wait while flipbook is loading. For more related info, FAQs and issues please refer to <a href=\"https:\/\/wordpress.org\/plugins\/3d-flipbook-dflip-lite\/#installation\">DearFlip WordPress Flipbook Plugin Help<\/a> documentation.<\/p><\/div><script class=\"df-shortcode-script\" type=\"application\/javascript\">window.option_df_1110 = {\"outline\":[],\"forceFit\":\"true\",\"autoEnableOutline\":\"false\",\"autoEnableThumbnail\":\"false\",\"overwritePDFOutline\":\"false\",\"direction\":\"1\",\"pageSize\":\"0\",\"source\":\"https:\\\/\\\/vilitan.es\\\/wp-content\\\/uploads\\\/2025\\\/04\\\/\\u043a\\u0430\\u0442\\u0430\\u043b\\u043e\\u0433-\\u0440\\u0435\\u043c\\u043d\\u0435\\u0439-VILITAN-04.2025-2.pdf\",\"wpOptions\":\"true\"}; if(window.DFLIP && window.DFLIP.parseBooks){window.DFLIP.parseBooks();}<\/script>\n","protected":false},"excerpt":{"rendered":"<p>Nuestros productos Puede comprar todos los productos presentados en esta p\u00e1gina de nuestros socios y familiarizarse con ellos en esta p\u00e1gina. Nuestro cat\u00e1logo contiene una lista actualizada de productos fabricados por nuestra empresa tanto en Rusia como en pa\u00edses europeos. Todos los productos est\u00e1n certificados y disponen de certificados de prueba, que tambi\u00e9n puedes consultar [&hellip;]<\/p>\n","protected":false},"author":1,"featured_media":0,"parent":0,"menu_order":0,"comment_status":"closed","ping_status":"closed","template":"","meta":{"footnotes":""},"class_list":["post-16","page","type-page","status-publish","hentry"],"_links":{"self":[{"href":"https:\/\/vilitan.es\/index.php?rest_route=\/wp\/v2\/pages\/16","targetHints":{"allow":["GET"]}}],"collection":[{"href":"https:\/\/vilitan.es\/index.php?rest_route=\/wp\/v2\/pages"}],"about":[{"href":"https:\/\/vilitan.es\/index.php?rest_route=\/wp\/v2\/types\/page"}],"author":[{"embeddable":true,"href":"https:\/\/vilitan.es\/index.php?rest_route=\/wp\/v2\/users\/1"}],"replies":[{"embeddable":true,"href":"https:\/\/vilitan.es\/index.php?rest_route=%2Fwp%2Fv2%2Fcomments&post=16"}],"version-history":[{"count":28,"href":"https:\/\/vilitan.es\/index.php?rest_route=\/wp\/v2\/pages\/16\/revisions"}],"predecessor-version":[{"id":1113,"href":"https:\/\/vilitan.es\/index.php?rest_route=\/wp\/v2\/pages\/16\/revisions\/1113"}],"wp:attachment":[{"href":"https:\/\/vilitan.es\/index.php?rest_route=%2Fwp%2Fv2%2Fmedia&parent=16"}],"curies":[{"name":"wp","href":"https:\/\/api.w.org\/{rel}","templated":true}]}}