{"id":7,"date":"2022-02-16T18:06:08","date_gmt":"2022-02-16T15:06:08","guid":{"rendered":"http:\/\/crypto0888.ru\/?page_id=7"},"modified":"2025-03-31T15:51:23","modified_gmt":"2025-03-31T12:51:23","slug":"main","status":"publish","type":"page","link":"https:\/\/vilitan.es\/","title":{"rendered":"\u0413\u043b\u0430\u0432\u043d\u0430\u044f"},"content":{"rendered":"\n<div class=\"wp-block-columns pluses is-layout-flex wp-container-core-columns-is-layout-9d6595d7 wp-block-columns-is-layout-flex\">\n<div class=\"wp-block-column plus is-layout-flow wp-block-column-is-layout-flow\">\n<p class=\"has-text-align-center coin has-text-color\" style=\"color:#add8e6;font-size:50px\"><strong>22<\/strong><\/p>\n\n\n\n<p class=\"has-text-align-center has-white-color has-text-color has-medium-font-size\"><strong>A\u00f1os de trabajo exitoso<\/strong><\/p>\n<\/div>\n\n\n\n<div class=\"wp-block-column plus is-layout-flow wp-block-column-is-layout-flow\">\n<p class=\"has-text-align-center coin has-text-color\" style=\"color:#add8e6;font-size:50px\"><strong>m\u00e1s de 100<\/strong><\/p>\n\n\n\n<p class=\"has-text-align-center has-white-color has-text-color has-medium-font-size\">Los especialistas trabajan diariamente<\/p>\n<\/div>\n\n\n\n<div class=\"wp-block-column plus is-layout-flow wp-block-column-is-layout-flow\">\n<p class=\"has-text-align-center coin has-text-color\" style=\"color:#add8e6;font-size:50px\"><strong>m\u00e1s de 1000<\/strong><\/p>\n\n\n\n<p class=\"has-text-align-center has-white-color has-text-color has-medium-font-size\">Clientes satisfechos<\/p>\n<\/div>\n\n\n\n<div class=\"wp-block-column plus is-layout-flow wp-block-column-is-layout-flow\">\n<p class=\"has-text-align-center coin has-text-color\" style=\"color:#add8e6;font-size:50px\"><strong>8<\/strong><\/p>\n\n\n\n<p class=\"has-text-align-center has-white-color has-text-color has-medium-font-size\">Sucursales en pa\u00edses europeos<\/p>\n<\/div>\n<\/div>\n\n\n<div class=\"wp-block-image logger\">\n<figure class=\"aligncenter size-full\"><img loading=\"lazy\" decoding=\"async\" width=\"538\" height=\"261\" src=\"https:\/\/vilitan.es\/wp-content\/uploads\/2022\/03\/cropped-\u041a\u041e\u0420\u041e\u0411\u041a\u0410-\u041f\u0420\u0418\u041c\u0415\u0420.png\" alt=\"\" class=\"wp-image-732\" srcset=\"https:\/\/vilitan.es\/wp-content\/uploads\/2022\/03\/cropped-\u041a\u041e\u0420\u041e\u0411\u041a\u0410-\u041f\u0420\u0418\u041c\u0415\u0420.png 538w, https:\/\/vilitan.es\/wp-content\/uploads\/2022\/03\/cropped-\u041a\u041e\u0420\u041e\u0411\u041a\u0410-\u041f\u0420\u0418\u041c\u0415\u0420-300x146.png 300w\" sizes=\"auto, (max-width: 538px) 100vw, 538px\" \/><\/figure>\n<\/div>\n\n<ul class=\"wp-block-latest-posts__list wp-block-latest-posts\"><li><div class=\"wp-block-latest-posts__featured-image\"><img loading=\"lazy\" decoding=\"async\" width=\"300\" height=\"200\" src=\"https:\/\/vilitan.es\/wp-content\/uploads\/2023\/01\/i57062ngbypfoqg4d3b2pvdq0irov5q5-300x200.jpg\" class=\"attachment-medium size-medium wp-post-image\" alt=\"\" style=\"\" srcset=\"https:\/\/vilitan.es\/wp-content\/uploads\/2023\/01\/i57062ngbypfoqg4d3b2pvdq0irov5q5-300x200.jpg 300w, https:\/\/vilitan.es\/wp-content\/uploads\/2023\/01\/i57062ngbypfoqg4d3b2pvdq0irov5q5-768x512.jpg 768w, https:\/\/vilitan.es\/wp-content\/uploads\/2023\/01\/i57062ngbypfoqg4d3b2pvdq0irov5q5.jpg 1024w\" sizes=\"auto, (max-width: 300px) 100vw, 300px\" \/><\/div><a class=\"wp-block-latest-posts__post-title\" href=\"https:\/\/vilitan.es\/?p=1031\">Cinturones para camiones<\/a><div class=\"wp-block-latest-posts__post-excerpt\">Para el accionamiento de grupos motores y en transmisiones de diversos equipos se utilizan ampliamente\u2026 <a class=\"wp-block-latest-posts__read-more\" href=\"https:\/\/vilitan.es\/?p=1031\" rel=\"noopener noreferrer\">Read more<span class=\"screen-reader-text\">: Cinturones para camiones<\/span><\/a><\/div><\/li>\n<li><div class=\"wp-block-latest-posts__featured-image\"><img loading=\"lazy\" decoding=\"async\" width=\"300\" height=\"77\" src=\"https:\/\/vilitan.es\/wp-content\/uploads\/2022\/10\/harakteristika_klinovih_remnei-300x77.jpg\" class=\"attachment-medium size-medium wp-post-image\" alt=\"\" style=\"\" srcset=\"https:\/\/vilitan.es\/wp-content\/uploads\/2022\/10\/harakteristika_klinovih_remnei-300x77.jpg 300w, https:\/\/vilitan.es\/wp-content\/uploads\/2022\/10\/harakteristika_klinovih_remnei-768x196.jpg 768w, https:\/\/vilitan.es\/wp-content\/uploads\/2022\/10\/harakteristika_klinovih_remnei.jpg 903w\" sizes=\"auto, (max-width: 300px) 100vw, 300px\" \/><\/div><a class=\"wp-block-latest-posts__post-title\" href=\"https:\/\/vilitan.es\/?p=1023\">Correa de transmisi\u00f3n tipo V<\/a><div class=\"wp-block-latest-posts__post-excerpt\">El dise\u00f1o de las correas trapezoidales, como su nombre lo indica, tiene forma de cu\u00f1a,\u2026 <a class=\"wp-block-latest-posts__read-more\" href=\"https:\/\/vilitan.es\/?p=1023\" rel=\"noopener noreferrer\">Read more<span class=\"screen-reader-text\">: Correa de transmisi\u00f3n tipo V<\/span><\/a><\/div><\/li>\n<li><div class=\"wp-block-latest-posts__featured-image\"><img loading=\"lazy\" decoding=\"async\" width=\"300\" height=\"158\" src=\"https:\/\/vilitan.es\/wp-content\/uploads\/2022\/08\/10297-300x158.jpg\" class=\"attachment-medium size-medium wp-post-image\" alt=\"\" style=\"\" srcset=\"https:\/\/vilitan.es\/wp-content\/uploads\/2022\/08\/10297-300x158.jpg 300w, https:\/\/vilitan.es\/wp-content\/uploads\/2022\/08\/10297.jpg 400w\" sizes=\"auto, (max-width: 300px) 100vw, 300px\" \/><\/div><a class=\"wp-block-latest-posts__post-title\" href=\"https:\/\/vilitan.es\/?p=1012\">Barra de direcci\u00f3n. Prop\u00f3sito y caracter\u00edsticas<\/a><div class=\"wp-block-latest-posts__post-excerpt\">En el dise\u00f1o del sistema de direcci\u00f3n, la barra de direcci\u00f3n asegura la transferencia de\u2026 <a class=\"wp-block-latest-posts__read-more\" href=\"https:\/\/vilitan.es\/?p=1012\" rel=\"noopener noreferrer\">Read more<span class=\"screen-reader-text\">: Barra de direcci\u00f3n. Prop\u00f3sito y caracter\u00edsticas<\/span><\/a><\/div><\/li>\n<\/ul>\n\n\n<p class=\"has-text-align-center lead has-black-color has-text-color\" style=\"font-size:40px\">Nuestra producci\u00f3n<\/p>\n\n\n\n<div class=\"wp-block-columns gnome is-layout-flex wp-container-core-columns-is-layout-9d6595d7 wp-block-columns-is-layout-flex\">\n<div class=\"wp-block-column gnom is-layout-flow wp-block-column-is-layout-flow\"><div class=\"wp-block-image resize\">\n<figure class=\"aligncenter size-full is-resized\"><img loading=\"lazy\" decoding=\"async\" width=\"512\" height=\"512\" src=\"https:\/\/vilitan.es\/wp-content\/uploads\/2022\/03\/big-truck.png\" alt=\"\" class=\"wp-image-764\" style=\"width:130px\" srcset=\"https:\/\/vilitan.es\/wp-content\/uploads\/2022\/03\/big-truck.png 512w, https:\/\/vilitan.es\/wp-content\/uploads\/2022\/03\/big-truck-300x300.png 300w, https:\/\/vilitan.es\/wp-content\/uploads\/2022\/03\/big-truck-150x150.png 150w\" sizes=\"auto, (max-width: 512px) 100vw, 512px\" \/><\/figure>\n<\/div>\n\n\n<p class=\"has-text-align-center resize1 has-black-color has-text-color\" style=\"font-size:25px\">Mangueras met\u00e1licas (tubos corrugados)<\/p>\n\n\n\n<p class=\"has-text-align-center resize2 has-black-color has-text-color has-normal-font-size\">Nuestra empresa fue fundada en el a\u00f1o 2000 sobre la base de una de las plantas industriales, despu\u00e9s de lo cual comenzamos la producci\u00f3n de mangueras met\u00e1licas (corrugaciones) para camiones.<\/p>\n<\/div>\n\n\n\n<div class=\"wp-block-column gnom is-layout-flow wp-block-column-is-layout-flow\"><div class=\"wp-block-image resize\">\n<figure class=\"aligncenter size-full is-resized\"><img loading=\"lazy\" decoding=\"async\" width=\"512\" height=\"512\" src=\"https:\/\/vilitan.es\/wp-content\/uploads\/2022\/03\/timing-belt.png\" alt=\"\" class=\"wp-image-767\" style=\"width:130px\" srcset=\"https:\/\/vilitan.es\/wp-content\/uploads\/2022\/03\/timing-belt.png 512w, https:\/\/vilitan.es\/wp-content\/uploads\/2022\/03\/timing-belt-300x300.png 300w, https:\/\/vilitan.es\/wp-content\/uploads\/2022\/03\/timing-belt-150x150.png 150w\" sizes=\"auto, (max-width: 512px) 100vw, 512px\" \/><\/figure>\n<\/div>\n\n\n<p class=\"has-text-align-center resize1 has-black-color has-text-color\" style=\"font-size:25px\">Correas trapezoidales y correas poli-V<\/p>\n\n\n\n<p class=\"has-text-align-center resize2 has-black-color has-text-color has-normal-font-size\">En 2002 se firm\u00f3 un acuerdo con f\u00e1bricas para el suministro de correas trapezoidales y correas poly-V para las necesidades de veh\u00edculos comerciales y maquinaria agr\u00edcola. Un \u00e1rea aparte fue el desarrollo de suministros de cintas transportadoras para el sector agr\u00edcola.<\/p>\n<\/div>\n\n\n\n<div class=\"wp-block-column gnom is-layout-flow wp-block-column-is-layout-flow\"><div class=\"wp-block-image resize\">\n<figure class=\"aligncenter size-full is-resized\"><img loading=\"lazy\" decoding=\"async\" width=\"512\" height=\"512\" src=\"https:\/\/vilitan.es\/wp-content\/uploads\/2022\/03\/steering-wheel.png\" alt=\"\" class=\"wp-image-769\" style=\"width:130px\" srcset=\"https:\/\/vilitan.es\/wp-content\/uploads\/2022\/03\/steering-wheel.png 512w, https:\/\/vilitan.es\/wp-content\/uploads\/2022\/03\/steering-wheel-300x300.png 300w, https:\/\/vilitan.es\/wp-content\/uploads\/2022\/03\/steering-wheel-150x150.png 150w\" sizes=\"auto, (max-width: 512px) 100vw, 512px\" \/><\/figure>\n<\/div>\n\n\n<p class=\"has-text-align-center resize1 has-black-color has-text-color\" style=\"font-size:25px\">Barras de direcci\u00f3n y reacci\u00f3n<\/p>\n\n\n\n<p class=\"has-text-align-center resize2 has-black-color has-text-color\">En 2004, nuestra producci\u00f3n se ampli\u00f3, durante el cual se adquirieron nuevos equipos y se lanz\u00f3 la producci\u00f3n de barras de direcci\u00f3n y barras de torsi\u00f3n.<\/p>\n<\/div>\n<\/div>\n\n\n\n<div class=\"wp-block-columns gnome is-layout-flex wp-container-core-columns-is-layout-9d6595d7 wp-block-columns-is-layout-flex\">\n<div class=\"wp-block-column gnom is-layout-flow wp-block-column-is-layout-flow\"><div class=\"wp-block-image resize\">\n<figure class=\"aligncenter size-full is-resized\"><img loading=\"lazy\" decoding=\"async\" width=\"512\" height=\"512\" src=\"https:\/\/vilitan.es\/wp-content\/uploads\/2022\/03\/settings.png\" alt=\"\" class=\"wp-image-773\" style=\"width:130px\" srcset=\"https:\/\/vilitan.es\/wp-content\/uploads\/2022\/03\/settings.png 512w, https:\/\/vilitan.es\/wp-content\/uploads\/2022\/03\/settings-300x300.png 300w, https:\/\/vilitan.es\/wp-content\/uploads\/2022\/03\/settings-150x150.png 150w\" sizes=\"auto, (max-width: 512px) 100vw, 512px\" \/><\/figure>\n<\/div>\n\n\n<p class=\"has-text-align-center resize1 has-black-color has-text-color\" style=\"font-size:25px\">Equipos neum\u00e1ticos para camiones<\/p>\n\n\n\n<p class=\"has-text-align-center resize2 has-black-color has-text-color has-normal-font-size\">En 2006, comenzamos a desarrollar y ampliar activamente la producci\u00f3n de equipos neum\u00e1ticos para camiones, autobuses y remolques. Un lugar muy importante en esto lo ocup\u00f3 el taller de producci\u00f3n de piezas para servomotores neum\u00e1ticos e hidr\u00e1ulicos, v\u00e1lvulas de freno, v\u00e1lvulas neum\u00e1ticas de secado, etc.<\/p>\n<\/div>\n\n\n\n<div class=\"wp-block-column gnom is-layout-flow wp-block-column-is-layout-flow\"><div class=\"wp-block-image resize\">\n<figure class=\"aligncenter size-full is-resized\"><img loading=\"lazy\" decoding=\"async\" width=\"512\" height=\"512\" src=\"https:\/\/vilitan.es\/wp-content\/uploads\/2022\/03\/temperature-control.png\" alt=\"\" class=\"wp-image-775\" style=\"width:130px\" srcset=\"https:\/\/vilitan.es\/wp-content\/uploads\/2022\/03\/temperature-control.png 512w, https:\/\/vilitan.es\/wp-content\/uploads\/2022\/03\/temperature-control-300x300.png 300w, https:\/\/vilitan.es\/wp-content\/uploads\/2022\/03\/temperature-control-150x150.png 150w\" sizes=\"auto, (max-width: 512px) 100vw, 512px\" \/><\/figure>\n<\/div>\n\n\n<p class=\"has-text-align-center resize1 has-black-color has-text-color\" style=\"font-size:25px\">Sensores electr\u00f3nicos<\/p>\n\n\n\n<p class=\"has-text-align-center resize2 has-black-color has-text-color has-normal-font-size\">En 2007 tambi\u00e9n desarrollamos activamente nuestro negocio y pudimos establecer la producci\u00f3n y el suministro de sensores electr\u00f3nicos para veh\u00edculos comerciales.<\/p>\n<\/div>\n\n\n\n<div class=\"wp-block-column gnom is-layout-flow wp-block-column-is-layout-flow\"><div class=\"wp-block-image resize\">\n<figure class=\"aligncenter size-full is-resized\"><img loading=\"lazy\" decoding=\"async\" width=\"512\" height=\"512\" src=\"https:\/\/vilitan.es\/wp-content\/uploads\/2022\/03\/spare-parts.png\" alt=\"\" class=\"wp-image-777\" style=\"width:130px\" srcset=\"https:\/\/vilitan.es\/wp-content\/uploads\/2022\/03\/spare-parts.png 512w, https:\/\/vilitan.es\/wp-content\/uploads\/2022\/03\/spare-parts-300x300.png 300w, https:\/\/vilitan.es\/wp-content\/uploads\/2022\/03\/spare-parts-150x150.png 150w\" sizes=\"auto, (max-width: 512px) 100vw, 512px\" \/><\/figure>\n<\/div>\n\n\n<p class=\"has-text-align-center resize1 has-black-color has-text-color\" style=\"font-size:25px\">Piezas de repuesto<\/p>\n\n\n\n<p class=\"has-text-align-center resize2 has-black-color has-text-color\">En 2012, inauguramos una planta en Rusia y tambi\u00e9n firmamos nuestro primer contrato para la producci\u00f3n de piezas de repuesto para autom\u00f3viles y autobuses, ampliando a\u00fan m\u00e1s nuestra gama.<\/p>\n<\/div>\n<\/div>\n\n\n\n<p class=\"has-text-align-center lead has-black-color has-text-color\" style=\"font-size:40px\">Nuestras actividades<\/p>\n\n\n\n<div class=\"wp-block-columns gnomik is-layout-flex wp-container-core-columns-is-layout-9d6595d7 wp-block-columns-is-layout-flex\">\n<div class=\"wp-block-column plusik is-layout-flow wp-block-column-is-layout-flow\"><div class=\"wp-block-image\">\n<figure class=\"aligncenter size-full is-resized\"><img loading=\"lazy\" decoding=\"async\" width=\"512\" height=\"512\" src=\"https:\/\/vilitan.es\/wp-content\/uploads\/2022\/03\/africa-1.png\" alt=\"\" class=\"wp-image-791\" style=\"width:130px\" srcset=\"https:\/\/vilitan.es\/wp-content\/uploads\/2022\/03\/africa-1.png 512w, https:\/\/vilitan.es\/wp-content\/uploads\/2022\/03\/africa-1-300x300.png 300w, https:\/\/vilitan.es\/wp-content\/uploads\/2022\/03\/africa-1-150x150.png 150w\" sizes=\"auto, (max-width: 512px) 100vw, 512px\" \/><\/figure>\n<\/div>\n\n\n<p class=\"has-text-align-center has-white-color has-text-color\" style=\"font-size:25px\">Exportaci\u00f3n a \u00c1frica y Sudam\u00e9ric<\/p>\n\n\n\n<p class=\"has-text-align-center has-white-color has-text-color\" style=\"font-size:16px\">En 2008, comenzamos a exportar nuestros productos a pa\u00edses de \u00c1frica y Sudam\u00e9rica.<\/p>\n<\/div>\n\n\n\n<div class=\"wp-block-column plusik is-layout-flow wp-block-column-is-layout-flow\"><div class=\"wp-block-image\">\n<figure class=\"aligncenter size-full is-resized\"><img loading=\"lazy\" decoding=\"async\" width=\"512\" height=\"512\" src=\"https:\/\/vilitan.es\/wp-content\/uploads\/2022\/03\/export-1.png\" alt=\"\" class=\"wp-image-792\" style=\"width:130px\" srcset=\"https:\/\/vilitan.es\/wp-content\/uploads\/2022\/03\/export-1.png 512w, https:\/\/vilitan.es\/wp-content\/uploads\/2022\/03\/export-1-300x300.png 300w, https:\/\/vilitan.es\/wp-content\/uploads\/2022\/03\/export-1-150x150.png 150w\" sizes=\"auto, (max-width: 512px) 100vw, 512px\" \/><\/figure>\n<\/div>\n\n\n<p class=\"has-text-align-center has-white-color has-text-color\" style=\"font-size:25px\">Exportaci\u00f3n a pa\u00edses de la CEI<\/p>\n\n\n\n<p class=\"has-text-align-center has-white-color has-text-color\" style=\"font-size:16px\">En 2010, establecimos suministros de piezas de repuesto a Rusia, Bielorrusia, Ucrania y Kazajst\u00e1n, cuyos vol\u00famenes siguen creciendo hasta el d\u00eda de hoy.<\/p>\n\n\n\n<div class=\"wp-block-buttons btn1 hide is-content-justification-center is-layout-flex wp-container-core-buttons-is-layout-16018d1d wp-block-buttons-is-layout-flex\">\n<div class=\"wp-block-button\"><a class=\"wp-block-button__link has-black-color has-text-color has-background wp-element-button\" href=\"\/?page_id=16\" style=\"border-radius:15px;background-color:#add8e6\">Nuestros productos<\/a><\/div>\n<\/div>\n<\/div>\n\n\n\n<div class=\"wp-block-column plusik is-layout-flow wp-block-column-is-layout-flow\"><div class=\"wp-block-image\">\n<figure class=\"aligncenter size-full is-resized\"><img loading=\"lazy\" decoding=\"async\" width=\"512\" height=\"512\" src=\"https:\/\/vilitan.es\/wp-content\/uploads\/2022\/03\/calendar-1.png\" alt=\"\" class=\"wp-image-793\" style=\"width:130px\" srcset=\"https:\/\/vilitan.es\/wp-content\/uploads\/2022\/03\/calendar-1.png 512w, https:\/\/vilitan.es\/wp-content\/uploads\/2022\/03\/calendar-1-300x300.png 300w, https:\/\/vilitan.es\/wp-content\/uploads\/2022\/03\/calendar-1-150x150.png 150w\" sizes=\"auto, (max-width: 512px) 100vw, 512px\" \/><\/figure>\n<\/div>\n\n\n<p class=\"has-text-align-center has-white-color has-text-color\" style=\"font-size:25px\">Producci\u00f3n en Rusia<\/p>\n\n\n\n<p class=\"has-text-align-center has-white-color has-text-color\" style=\"font-size:16px\">En 2014 se estableci\u00f3 en Rusia la producci\u00f3n de mangueras met\u00e1licas, barras de direcci\u00f3n y de reacci\u00f3n.<\/p>\n<\/div>\n<\/div>\n\n\n\n<div class=\"wp-block-columns truck1 is-layout-flex wp-container-core-columns-is-layout-9d6595d7 wp-block-columns-is-layout-flex\">\n<div class=\"wp-block-column is-layout-flow wp-block-column-is-layout-flow\">\n<figure class=\"wp-block-image size-large truck\"><img loading=\"lazy\" decoding=\"async\" width=\"1024\" height=\"559\" src=\"https:\/\/vilitan.es\/wp-content\/uploads\/2022\/03\/png_truck_23632-1024x559.png\" alt=\"\" class=\"wp-image-819\" srcset=\"https:\/\/vilitan.es\/wp-content\/uploads\/2022\/03\/png_truck_23632-1024x559.png 1024w, https:\/\/vilitan.es\/wp-content\/uploads\/2022\/03\/png_truck_23632-300x164.png 300w, https:\/\/vilitan.es\/wp-content\/uploads\/2022\/03\/png_truck_23632-768x419.png 768w, https:\/\/vilitan.es\/wp-content\/uploads\/2022\/03\/png_truck_23632-1536x838.png 1536w, https:\/\/vilitan.es\/wp-content\/uploads\/2022\/03\/png_truck_23632.png 2031w\" sizes=\"auto, (max-width: 1024px) 100vw, 1024px\" \/><\/figure>\n<\/div>\n\n\n\n<div class=\"wp-block-column is-vertically-aligned-center is-layout-flow wp-block-column-is-layout-flow\">\n<p class=\"has-text-align-left resize1 has-black-color has-text-color\" style=\"font-size:40px\">\u00bfQu\u00e9 hemos logrado?<\/p>\n\n\n\n<p class=\"try has-black-color has-text-color\" style=\"font-size:16px\">Hoy en d\u00eda, los productos de la marca VILITAN se pueden encontrar en casi cualquier tienda online tanto en Europa como en la CEI. Todos nuestros productos han resistido la prueba del tiempo, gracias a la alta calidad constante y a la confianza que nuestros clientes depositan en nosotros.<\/p>\n\n\n\n<p class=\"try has-black-color has-text-color\" style=\"font-size:16px\">Nuestros productos pasan constantemente por todas las pruebas necesarias en centros cient\u00edficos, nuestra empresa realiza la certificaci\u00f3n oportuna de sus productos. Los clientes valoran mucho los productos de nuestra marca por su confiabilidad, largo per\u00edodo de garant\u00eda y precios bajos.<\/p>\n\n\n\n<p class=\"try has-black-color has-text-color\" style=\"font-size:16px\">Tambi\u00e9n puedes ver el listado de nuestros socios para adquirir los productos de la empresa.<\/p>\n\n\n\n<div class=\"wp-block-buttons btn11 hide is-content-justification-center is-layout-flex wp-container-core-buttons-is-layout-16018d1d wp-block-buttons-is-layout-flex\">\n<div class=\"wp-block-button\"><a class=\"wp-block-button__link has-black-color has-text-color has-background wp-element-button\" href=\"\/?page_id=22\" style=\"border-radius:15px;background-color:#add8e6\">Nuestros socios<\/a><\/div>\n<\/div>\n<\/div>\n<\/div>\n","protected":false},"excerpt":{"rendered":"<p>22 A\u00f1os de trabajo exitoso m\u00e1s de 100 Los especialistas trabajan diariamente m\u00e1s de 1000 Clientes satisfechos 8 Sucursales en pa\u00edses europeos Nuestra producci\u00f3n Mangueras met\u00e1licas (tubos corrugados) Nuestra empresa fue fundada en el a\u00f1o 2000 sobre la base de una de las plantas industriales, despu\u00e9s de lo cual comenzamos la producci\u00f3n de mangueras met\u00e1licas [&hellip;]<\/p>\n","protected":false},"author":1,"featured_media":0,"parent":0,"menu_order":0,"comment_status":"closed","ping_status":"closed","template":"","meta":{"footnotes":""},"class_list":["post-7","page","type-page","status-publish","hentry"],"_links":{"self":[{"href":"https:\/\/vilitan.es\/index.php?rest_route=\/wp\/v2\/pages\/7","targetHints":{"allow":["GET"]}}],"collection":[{"href":"https:\/\/vilitan.es\/index.php?rest_route=\/wp\/v2\/pages"}],"about":[{"href":"https:\/\/vilitan.es\/index.php?rest_route=\/wp\/v2\/types\/page"}],"author":[{"embeddable":true,"href":"https:\/\/vilitan.es\/index.php?rest_route=\/wp\/v2\/users\/1"}],"replies":[{"embeddable":true,"href":"https:\/\/vilitan.es\/index.php?rest_route=%2Fwp%2Fv2%2Fcomments&post=7"}],"version-history":[{"count":138,"href":"https:\/\/vilitan.es\/index.php?rest_route=\/wp\/v2\/pages\/7\/revisions"}],"predecessor-version":[{"id":1093,"href":"https:\/\/vilitan.es\/index.php?rest_route=\/wp\/v2\/pages\/7\/revisions\/1093"}],"wp:attachment":[{"href":"https:\/\/vilitan.es\/index.php?rest_route=%2Fwp%2Fv2%2Fmedia&parent=7"}],"curies":[{"name":"wp","href":"https:\/\/api.w.org\/{rel}","templated":true}]}}